{"id":854,"date":"2022-11-19T13:11:31","date_gmt":"2022-11-19T16:11:31","guid":{"rendered":"https:\/\/mastrazzi-caba.infd.edu.ar\/sitio\/?page_id=854"},"modified":"2026-04-26T15:15:06","modified_gmt":"2026-04-26T18:15:06","slug":"proyectos-y-especializaciones","status":"publish","type":"page","link":"https:\/\/mastrazzi-caba.infd.edu.ar\/sitio\/proyectos-y-especializaciones\/","title":{"rendered":"Proyectos y especializaciones"},"content":{"rendered":"\n<p><strong>Post\u00edtulo docente:<\/strong><\/p>\n\n\n\n<p>Especializaci\u00f3n Docente de Nivel Superior en Arte mediado por Tecnolog\u00edas Digitales<\/p>\n\n\n\n<p>Esta propuesta formativa tuvo como objetivo enriquecer las pr\u00e1cticas de ense\u00f1anza y aprendizaje de las artes a partir de la mediaci\u00f3n de las tecnolog\u00edas digitales.<\/p>\n\n\n\n<p>Cohortes: 2022\/2023\/2024<\/p>\n\n\n\n<p>Espacios de trabajo: Tecnolog\u00edas digitales, Arte y Educaci\u00f3n, Ense\u00f1ar y aprender en escenarios combinados, Arte mediado por tecnolog\u00edas digitales, Tecnolog\u00eda interactiva para las Artes esc\u00e9nicas, Proyectos art\u00edsticos interdisciplinares.<\/p>\n\n\n\n<p>Destinatarios: Docentes de Lenguajes Art\u00edsticos de todos los niveles y modalidades del sistema educativo<\/p>\n\n\n\n<p>T\u00edtulo a otorgar: Especialista Docente de Nivel Superior en Arte mediado por Tecnolog\u00edas digitales<\/p>\n\n\n\n<p>Duraci\u00f3n: Carga horaria: 437. 20 horas reloj\/ 656 horas c\u00e1tedra. Resoluci\u00f3n Ministerial: RESOL-2021-12539-GCABA-SSCDOC<\/p>\n\n\n\n<p>La Junta de Clasificaci\u00f3n Docente determinar\u00e1 el puntaje que ser\u00e1 acreditado en \u00abOtros t\u00edtulos\u00bb seg\u00fan el Decreto N\u00ba678\/GCABA\/16.<\/p>\n\n\n\n<p><strong>Proyecto de Fortalecimiento:<\/strong><\/p>\n\n\n\n<p>Este proyecto se orient\u00f3 a fortalecer aquellos conocimientos que quedaron relegados durante la pandemia. Se desarrollaron pr\u00e1cticas pedag\u00f3gicas planificadas en el marco del Proyecto de Fortalecimiento Institucional presentado por esta Escuela. Para los estudiantes del Nivel Medio esto represent\u00f3 m\u00e1s clases de danza cl\u00e1sica y contempor\u00e1nea; para el Nivel Terciario un refuerzo en las experiencias de pr\u00e1cticas docentes. Per\u00edodo: junio\/julio 2022<\/p>\n\n\n\n<p>Proyecto probado por dictamen sin observaciones por la Unidad de Coordinaci\u00f3n del Sistema de Formaci\u00f3n Docente (UCSFD) de acuerdo a: NO-2021-30050206-GCBA-UCSFD.<\/p>\n\n\n\n<p><strong>Proyecto de Investigaci\u00f3n:<\/strong><\/p>\n\n\n\n<p>Convocatoria Investigaci\u00f3n 2021 &#8211; Proyectos de Investigaci\u00f3n de Institutos Superiores de Formaci\u00f3n Docente<\/p>\n\n\n\n<p>Tema: La formaci\u00f3n de competencias profesionales en los estudiantes del profesorado de danza cl\u00e1sica y contempor\u00e1nea durante el per\u00edodo de emergencia sanitaria en el dispositivo de pr\u00e1ctica y residencia de 3ero y 4to.<\/p>\n\n\n\n<p>Resultados de la convocatoria 2021 publicados en la p\u00e1gina del Instituto Nacional de Formaci\u00f3n Docente:<\/p>\n\n\n\n<p><a href=\"https:\/\/red.infd.edu.ar\/wp-content\/uploads\/2021\/12\/CNV-2021-Proyectos-Seleccionados-1.pdf\">https:\/\/red.infd.edu.ar\/wp-content\/uploads\/2021\/12\/CNV-2021-Proyectos-Seleccionados-1.pdf<\/a><\/p>\n\n\n\n<p>Libro de res\u00famenes de proyectos de investigaci\u00f3n &#8211; convocatoria 2021 (p\u00e1g 105):<\/p>\n\n\n\n<p><a href=\"https:\/\/cedoc.infd.edu.ar\/wp-content\/uploads\/2023\/03\/Libro-de-Resumenes-Convocatoria-2021.pdf\">https:\/\/cedoc.infd.edu.ar\/wp-content\/uploads\/2023\/03\/Libro-de-Resumenes-Convocatoria-2021.pdf<\/a><\/p>\n\n\n\n<p><\/p>\n","protected":false},"excerpt":{"rendered":"<p>Post\u00edtulo docente: Especializaci\u00f3n Docente de Nivel Superior en Arte mediado por Tecnolog\u00edas Digitales Esta propuesta formativa tuvo como objetivo enriquecer las pr\u00e1cticas de ense\u00f1anza y aprendizaje de las artes a partir de la mediaci\u00f3n de las tecnolog\u00edas digitales. Cohortes: 2022\/2023\/2024 Espacios de trabajo: Tecnolog\u00edas digitales, Arte y Educaci\u00f3n, Ense\u00f1ar y aprender en escenarios combinados, Arte &#8230; <a title=\"Proyectos y especializaciones\" class=\"read-more\" href=\"https:\/\/mastrazzi-caba.infd.edu.ar\/sitio\/proyectos-y-especializaciones\/\" aria-label=\"More on Proyectos y especializaciones\">[+]<\/a><\/p>\n","protected":false},"author":13,"featured_media":0,"parent":0,"menu_order":0,"comment_status":"closed","ping_status":"closed","template":"","meta":[],"acf":[],"_links":{"self":[{"href":"https:\/\/mastrazzi-caba.infd.edu.ar\/sitio\/wp-json\/wp\/v2\/pages\/854"}],"collection":[{"href":"https:\/\/mastrazzi-caba.infd.edu.ar\/sitio\/wp-json\/wp\/v2\/pages"}],"about":[{"href":"https:\/\/mastrazzi-caba.infd.edu.ar\/sitio\/wp-json\/wp\/v2\/types\/page"}],"author":[{"embeddable":true,"href":"https:\/\/mastrazzi-caba.infd.edu.ar\/sitio\/wp-json\/wp\/v2\/users\/13"}],"replies":[{"embeddable":true,"href":"https:\/\/mastrazzi-caba.infd.edu.ar\/sitio\/wp-json\/wp\/v2\/comments?post=854"}],"version-history":[{"count":5,"href":"https:\/\/mastrazzi-caba.infd.edu.ar\/sitio\/wp-json\/wp\/v2\/pages\/854\/revisions"}],"predecessor-version":[{"id":1187,"href":"https:\/\/mastrazzi-caba.infd.edu.ar\/sitio\/wp-json\/wp\/v2\/pages\/854\/revisions\/1187"}],"wp:attachment":[{"href":"https:\/\/mastrazzi-caba.infd.edu.ar\/sitio\/wp-json\/wp\/v2\/media?parent=854"}],"curies":[{"name":"wp","href":"https:\/\/api.w.org\/{rel}","templated":true}]}}