{"id":837,"date":"2022-11-10T20:29:57","date_gmt":"2022-11-10T23:29:57","guid":{"rendered":"https:\/\/mastrazzi-caba.infd.edu.ar\/sitio\/?page_id=837"},"modified":"2026-04-26T15:06:07","modified_gmt":"2026-04-26T18:06:07","slug":"plantel-docente","status":"publish","type":"page","link":"https:\/\/mastrazzi-caba.infd.edu.ar\/sitio\/plantel-docente\/","title":{"rendered":"Plantel Docente"},"content":{"rendered":"\n<p>Profesorado de danza con orientaci\u00f3n en danza cl\u00e1sica<\/p>\n\n\n\n<p>Profesorado de danza con orientaci\u00f3n en danza contempor\u00e1nea<\/p>\n\n\n\n<p><strong><u>CAMPO DE LA FORMACI\u00d3N ESPEC\u00cdFICA DANZA CL\u00c1SICA<\/u><\/strong><\/p>\n\n\n\n<p><strong><u>Bloque: Formaci\u00f3n en la Especialidad Profesional<\/u><\/strong>:<\/p>\n\n\n\n<p>\u00b7&nbsp;&nbsp;&nbsp;&nbsp;&nbsp;&nbsp;&nbsp;&nbsp;&nbsp;T\u00c9CNICA DE LA DANZA CL\u00c1SICA I \/ Prof. Antonella Tisera<\/p>\n\n\n\n<p>\u00b7&nbsp;&nbsp;&nbsp;&nbsp;&nbsp;&nbsp;&nbsp;&nbsp;&nbsp;ELEMENTOS DE LA DANZA CL\u00c1SICA I \/ Prof. Mar\u00eda Victoria Velasco Ayala<\/p>\n\n\n\n<p>\u00b7&nbsp;&nbsp;&nbsp;&nbsp;&nbsp;&nbsp;&nbsp;&nbsp;&nbsp;T\u00c9CNICA DE LA DANZA CL\u00c1SICA II \/ Prof. Mar\u00eda Elena Anllo<\/p>\n\n\n\n<p>\u00b7&nbsp;&nbsp;&nbsp;&nbsp;&nbsp;&nbsp;&nbsp;&nbsp;&nbsp;ELEMENTOS DE LA DANZA CL\u00c1SICA II \/ Prof. Antonella Tisera<\/p>\n\n\n\n<p>\u00b7&nbsp;&nbsp;&nbsp;&nbsp;&nbsp;&nbsp;&nbsp;&nbsp;&nbsp;T\u00c9CNICA DE LA DANZA CL\u00c1SICA III \/ Prof. Candela Zapata<\/p>\n\n\n\n<p>\u00b7&nbsp;&nbsp;&nbsp;&nbsp;&nbsp;&nbsp;&nbsp;&nbsp;&nbsp;ELEMENTOS DE LA DANZA CL\u00c1SICA III \/ Prof. Abril Corona<\/p>\n\n\n\n<p>\u00b7&nbsp;&nbsp;&nbsp;&nbsp;&nbsp;&nbsp;&nbsp;&nbsp;&nbsp;T\u00c9CNICA DE LA DANZA CL\u00c1SICA IV \/ Prof. Mar\u00eda Victoria Velasco Ayala<\/p>\n\n\n\n<p><strong><u>CAMPO DE LA FORMACI\u00d3N ESPEC\u00cdFICA DANZA CONTEMPOR\u00c1NEA<\/u><\/strong><\/p>\n\n\n\n<p><strong><u>Bloque: Formaci\u00f3n en la Especialidad Profesional<\/u><\/strong>:<\/p>\n\n\n\n<p>\u00b7&nbsp;&nbsp;&nbsp;&nbsp;&nbsp;&nbsp;&nbsp;&nbsp;&nbsp;T\u00c9CNICA DE LA DANZA CONTEMPOR\u00c1NEA I A (GRAHAM) \/ Prof. Pamela Nebbia<\/p>\n\n\n\n<p>\u00b7&nbsp;&nbsp;&nbsp;&nbsp;&nbsp;&nbsp;&nbsp;&nbsp;&nbsp;T\u00c9CNICA DE LA DANZA CONTEMPOR\u00c1NEA I B (HUMPHREY) \/ Prof. Cecilia Mazza<\/p>\n\n\n\n<p>\u00b7&nbsp;&nbsp;&nbsp;&nbsp;&nbsp;&nbsp;&nbsp;&nbsp;&nbsp;T\u00c9CNICA DE LA DANZA CONTEMPOR\u00c1NEA II A (GRAHAM II) \/ Prof. Melisa Hermo<\/p>\n\n\n\n<p>\u00b7\u00a0\u00a0\u00a0\u00a0\u00a0\u00a0\u00a0\u00a0\u00a0T\u00c9CNICA DE LA DANZA CONTEMPOR\u00c1NEA II B (M\u00dcLLER) \/ Prof. Romina Bernardi<\/p>\n\n\n\n<p>\u00b7&nbsp;&nbsp;&nbsp;&nbsp;&nbsp;&nbsp;&nbsp;&nbsp;&nbsp;T\u00c9CNICA DE LA DANZA CONTEMPOR\u00c1NEA III A (CUNNINGHAM) \/ Prof. Pierina Cortiglia<\/p>\n\n\n\n<p>\u00b7&nbsp;&nbsp;&nbsp;&nbsp;&nbsp;&nbsp;&nbsp;&nbsp;&nbsp;T\u00c9CNICA DE LA DANZA CONTEMPOR\u00c1NEA III B (RELEASE) \/ Prof. Pamela Nebbia<\/p>\n\n\n\n<p>\u00b7&nbsp;&nbsp;&nbsp;&nbsp;&nbsp;&nbsp;&nbsp;&nbsp;&nbsp;T\u00c9CNICA DE LA DANZA CONTEMPOR\u00c1NEA IV A (CONTACT IMPROVISATION) \/ Prof. Eliana Bonard<\/p>\n\n\n\n<p>\u00b7&nbsp;&nbsp;&nbsp;&nbsp;&nbsp;&nbsp;&nbsp;&nbsp;&nbsp;T\u00c9CNICA DE LA DANZA CONTEMPOR\u00c1NEA IV B (FLYING LOW) \/ Prof. Dalilah Spritz<\/p>\n\n\n\n<p><strong><u>CAMPO DE LA FORMACI\u00d3N ESPEC\u00cdFICA DANZA CL\u00c1SICA y CONTEMPOR\u00c1NEA<\/u><\/strong><\/p>\n\n\n\n<p><strong><u>Bloque: Formaci\u00f3n en la Producci\u00f3n:<\/u><\/strong><\/p>\n\n\n\n<p>\u00b7\u00a0\u00a0\u00a0\u00a0\u00a0\u00a0\u00a0\u00a0\u00a0PRODUCCI\u00d3N ART\u00cdSTICA y EJECUTIVA DE ESPECTACULOS \/ Prof. Joaqu\u00edn Toloza<\/p>\n\n\n\n<p>\u00b7&nbsp;&nbsp;&nbsp;&nbsp;&nbsp;&nbsp;&nbsp;&nbsp;&nbsp;ELEMENTOS DE COMPOSICI\u00d3N COREOGR\u00c1FICA \/ Prof. Gabriela Montes<\/p>\n\n\n\n<p>\u00b7&nbsp;&nbsp;&nbsp;&nbsp;&nbsp;&nbsp;&nbsp;&nbsp;&nbsp;COMPOSICI\u00d3N COREOGR\u00c1FICA PARA DANZA CONTEMPOR\u00c1NEA&nbsp;&nbsp;\/ Prof. Joaqu\u00edn Toloza<\/p>\n\n\n\n<p>\u00b7&nbsp;&nbsp;&nbsp;&nbsp;&nbsp;&nbsp;&nbsp;&nbsp;&nbsp;COMPOSICI\u00d3N COREOGR\u00c1FICA PARA DANZA CL\u00c1SICA \/ Prof. Candela Zapata<\/p>\n\n\n\n<p><strong><u>Bloque: Formaci\u00f3n Socio-Hist\u00f3rica<\/u><\/strong><\/p>\n\n\n\n<p>\u00b7&nbsp;&nbsp;&nbsp;&nbsp;&nbsp;&nbsp;&nbsp;&nbsp;&nbsp;HISTORIA DE LA DANZA \/ Prof. Florencia Gugliemotti<\/p>\n\n\n\n<p>\u00b7&nbsp;&nbsp;&nbsp;&nbsp;&nbsp;&nbsp;&nbsp;&nbsp;&nbsp;REPERTORIO y PARTENAIRE PARA LA DANZA CL\u00c1SICA \/ Prof. Humberto Benitez<\/p>\n\n\n\n<p>\u00b7&nbsp;&nbsp;&nbsp;&nbsp;&nbsp;&nbsp;&nbsp;&nbsp;&nbsp;REPERTORIO y PARTENAIRE PARA LA DANZA CONTEMPOR\u00c1NEA \/ Prof. Gabriela Montes<\/p>\n\n\n\n<p><strong><u>Bloque: Did\u00e1ctica de la danza y sujetos del aprendizaje<\/u><\/strong><\/p>\n\n\n\n<p>\u00b7&nbsp;&nbsp;&nbsp;&nbsp;&nbsp;&nbsp;&nbsp;&nbsp;&nbsp;DID\u00c1CTICA DE LA DANZA \/ Prof. Pamela Nebbia<\/p>\n\n\n\n<p>\u00b7&nbsp;&nbsp;&nbsp;&nbsp;&nbsp;&nbsp;&nbsp;&nbsp;&nbsp;DIDACTICA DE LA DANZA CL\u00c1SICA&nbsp;&nbsp;\/ Prof. Pierina Cortiglia<\/p>\n\n\n\n<p>\u00b7&nbsp;&nbsp;&nbsp;&nbsp;&nbsp;&nbsp;&nbsp;&nbsp;&nbsp;DIDACTICA DE LA DANZA CONTEMPOR\u00c1NEA&nbsp;&nbsp;\/ Prof. Gabriela Montes<\/p>\n\n\n\n<p><strong><u>Bloque: Formaci\u00f3n en el lenguaje del movimiento<\/u><\/strong><\/p>\n\n\n\n<p>\u00b7&nbsp;&nbsp;&nbsp;&nbsp;&nbsp;&nbsp;&nbsp;&nbsp;&nbsp;ANATOMIA FUNCIONAL Y BIOMECANICA DEL MOVIMIENTO PARA LA DANZA \/ Prof. Adriana Baruzzi<\/p>\n\n\n\n<p>\u00b7&nbsp;&nbsp;&nbsp;&nbsp;&nbsp;&nbsp;&nbsp;&nbsp;&nbsp;ELONGACI\u00d3N PARA EL BAILAR\u00cdN \/ Prof. Margarita Wolf<\/p>\n\n\n\n<p>\u00b7&nbsp;&nbsp;&nbsp;&nbsp;&nbsp;&nbsp;&nbsp;&nbsp;&nbsp;PREPARACION FISICA PARA EL BAILARIN&nbsp;\/ Prof. Margarita Wolf<\/p>\n\n\n\n<p>\u00b7&nbsp;&nbsp;&nbsp;&nbsp;&nbsp;&nbsp;&nbsp;&nbsp;&nbsp;EXPRESI\u00d3N CORPORAL \/ Prof. Karina Vi\u00f1e<\/p>\n\n\n\n<p>\u00b7&nbsp;&nbsp;&nbsp;&nbsp;&nbsp;&nbsp;&nbsp;&nbsp;&nbsp;CONCIENCIA INTEGRAL DEL MOVIMIENTO \/ Prof. Paola Castro<\/p>\n\n\n\n<p><strong><u>Bloque: Formaci\u00f3n en otros lenguajes art\u00edsticos<\/u><\/strong><\/p>\n\n\n\n<p>\u00b7&nbsp;&nbsp;&nbsp;&nbsp;&nbsp;&nbsp;&nbsp;&nbsp;&nbsp;&nbsp;VESTUARIO, MAQUILLAJE Y CARACTERIZACI\u00d3N \/ Prof. Silvia Zavaglia<\/p>\n\n\n\n<p>\u00b7&nbsp;&nbsp;&nbsp;&nbsp;&nbsp;&nbsp;&nbsp;&nbsp;&nbsp;ESCENOGRAF\u00cdA y DISE\u00d1O DE ILUMINACI\u00d3N \/ Prof. Eduardo Safigueroa<\/p>\n\n\n\n<p>\u00b7&nbsp;&nbsp;&nbsp;&nbsp;&nbsp;&nbsp;&nbsp;&nbsp;&nbsp;TEATRO \/ Prof. Julia Di Ciocco<\/p>\n\n\n\n<p>\u00b7&nbsp;&nbsp;&nbsp;&nbsp;&nbsp;&nbsp;&nbsp;&nbsp;&nbsp;APRECIACI\u00d3N MUSICAL \/ Prof. Hern\u00e1n Zelaya<\/p>\n\n\n\n<p>\u00b7&nbsp;&nbsp;&nbsp;&nbsp;&nbsp;&nbsp;&nbsp;&nbsp;&nbsp;APRECIACI\u00d3N MUSICAL PARA LA DANZA \/ Prof. Horacio Velasco<\/p>\n\n\n\n<p><strong><u>CAMPO DE LA FORMACI\u00d3N GENERAL<\/u><\/strong><\/p>\n\n\n\n<p>\u00b7&nbsp;&nbsp;&nbsp;&nbsp;&nbsp;&nbsp;&nbsp;&nbsp;&nbsp;PEDAGOG\u00cdA&nbsp;\/ Prof. Carolina Rivadeneira<\/p>\n\n\n\n<p>\u00b7&nbsp;&nbsp;&nbsp;&nbsp;&nbsp;&nbsp;&nbsp;&nbsp;&nbsp;DID\u00c1CTICA GENERAL&nbsp;\/ Prof. Guadalupe Perez Endara<\/p>\n\n\n\n<p>\u00b7&nbsp;&nbsp;&nbsp;&nbsp;&nbsp;&nbsp;&nbsp;&nbsp;&nbsp;PSICOLOG\u00cdA DE LA EDUCACI\u00d3N \/&nbsp;Prof. Guadalupe Perez Endara<\/p>\n\n\n\n<p>\u00b7&nbsp;&nbsp;&nbsp;&nbsp;&nbsp;&nbsp;&nbsp;&nbsp;&nbsp;EDUCACI\u00d3N PARA LA PROMOCI\u00d3N, PROTECCI\u00d3N Y PREVENCI\u00d3N DE LA SALUD EN LA DANZA \/ Prof. Adriana Baruzzi<\/p>\n\n\n\n<p>\u00b7\u00a0\u00a0\u00a0\u00a0\u00a0\u00a0\u00a0\u00a0\u00a0POL\u00cdTICAS EDUCATIVAS\u00a0\/ Prof. Juan Manuel Risso<\/p>\n\n\n\n<p>\u00b7&nbsp;&nbsp;&nbsp;&nbsp;&nbsp;&nbsp;&nbsp;&nbsp;&nbsp;\u00c9TICA Y EST\u00c9TICA \/ Prof. Ignacio Soloeta<\/p>\n\n\n\n<p>\u00b7&nbsp;&nbsp;&nbsp;&nbsp;&nbsp;&nbsp;&nbsp;&nbsp;&nbsp;TIC, ARTE Y EDUCACI\u00d3N&nbsp;\/ Prof. Viviana Koch<\/p>\n\n\n\n<p>\u00b7&nbsp;&nbsp;&nbsp;&nbsp;&nbsp;&nbsp;&nbsp;&nbsp;&nbsp;GESTI\u00d3N CULTURAL&nbsp;\/ Prof. Miriam Gurbanov<\/p>\n\n\n\n<p>\u00b7&nbsp;&nbsp;&nbsp;&nbsp;&nbsp;&nbsp;&nbsp;&nbsp;&nbsp;ARTE Y SOCIEDAD \/ Prof. Alexis Ces\u00e1n<\/p>\n\n\n\n<p>\u00b7&nbsp;&nbsp;&nbsp;&nbsp;&nbsp;&nbsp;&nbsp;&nbsp;&nbsp;EDUCACI\u00d3N SEXUAL INTEGRAL \/ Prof. Gabriela Cantero<\/p>\n\n\n\n<p>\u00b7&nbsp;&nbsp;&nbsp;&nbsp;&nbsp;&nbsp;&nbsp;&nbsp;&nbsp;EDUCACION EN LA DIVERSIDAD&nbsp;\/ Prof. Adriana Baruzzi<\/p>\n\n\n\n<p>\u00b7&nbsp;&nbsp;&nbsp;&nbsp;&nbsp;&nbsp;&nbsp;&nbsp;&nbsp;FILOSOF\u00cdA Y TEOR\u00cdAS EST\u00c9TICAS \/ Prof. Ignacio Soloeta<\/p>\n\n\n\n<p>\u00b7&nbsp;&nbsp;&nbsp;&nbsp;&nbsp;&nbsp;&nbsp;&nbsp;&nbsp;HISTORIA DE LA EDUCACI\u00d3N ARGENTINA&nbsp;\/ Prof. Juan Manuel Risso<\/p>\n\n\n\n<p>\u00b7&nbsp;&nbsp;&nbsp;&nbsp;&nbsp;&nbsp;&nbsp;&nbsp;&nbsp;SOCIOLOG\u00cdA \/ Prof. Julio Lastra Sheridan<\/p>\n\n\n\n<p><strong><u>CAMPO DE LA FORMACI\u00d3N EN LA PR\u00c1CTICA PROFESIONAL<\/u><\/strong><\/p>\n\n\n\n<p><strong><u>TRAMO I \u2013 SUJETOS Y CONTEXTOS DE LAS PR\u00c1CTICAS DOCENTES<\/u><\/strong><\/p>\n\n\n\n<p>\u00b7&nbsp;&nbsp;&nbsp;&nbsp;&nbsp;&nbsp;&nbsp;&nbsp;&nbsp;&nbsp;PROYECTO DE PR\u00c1CTICA I Y II \/ Prof. Guadalupe Perez Endara<\/p>\n\n\n\n<p><strong><u>TRAMO II \u2013 INTERVENCIONES DOCENTES EN CONTEXTOS DIVERSOS<\/u><\/strong><\/p>\n\n\n\n<p>\u00b7&nbsp;&nbsp;&nbsp;&nbsp;&nbsp;&nbsp;&nbsp;&nbsp;&nbsp;&nbsp;PROYECTO DE PR\u00c1CTICA III, IV \/ Prof. Natalia Helmich<\/p>\n\n\n\n<p>\u00b7&nbsp;&nbsp;&nbsp;&nbsp;&nbsp;&nbsp;&nbsp;&nbsp;&nbsp;PROYECTO DE LA PR\u00c1CTICA V \/ Prof. Natalia Helmich<\/p>\n\n\n\n<p><strong><u>TRAMO III &#8211; RESIDENCIA<\/u><\/strong><\/p>\n\n\n\n<p>\u00b7&nbsp;&nbsp;&nbsp;&nbsp;&nbsp;&nbsp;&nbsp;&nbsp;&nbsp;&nbsp;PROYECTO DE PR\u00c1CTICA VI \/ Prof. Romina Mancini<\/p>\n","protected":false},"excerpt":{"rendered":"<p>Profesorado de danza con orientaci\u00f3n en danza cl\u00e1sica Profesorado de danza con orientaci\u00f3n en danza contempor\u00e1nea CAMPO DE LA FORMACI\u00d3N ESPEC\u00cdFICA DANZA CL\u00c1SICA Bloque: Formaci\u00f3n en la Especialidad Profesional: \u00b7&nbsp;&nbsp;&nbsp;&nbsp;&nbsp;&nbsp;&nbsp;&nbsp;&nbsp;T\u00c9CNICA DE LA DANZA CL\u00c1SICA I \/ Prof. Antonella Tisera \u00b7&nbsp;&nbsp;&nbsp;&nbsp;&nbsp;&nbsp;&nbsp;&nbsp;&nbsp;ELEMENTOS DE LA DANZA CL\u00c1SICA I \/ Prof. Mar\u00eda Victoria Velasco Ayala \u00b7&nbsp;&nbsp;&nbsp;&nbsp;&nbsp;&nbsp;&nbsp;&nbsp;&nbsp;T\u00c9CNICA DE LA DANZA &#8230; <a title=\"Plantel Docente\" class=\"read-more\" href=\"https:\/\/mastrazzi-caba.infd.edu.ar\/sitio\/plantel-docente\/\" aria-label=\"More on Plantel Docente\">[+]<\/a><\/p>\n","protected":false},"author":13,"featured_media":0,"parent":0,"menu_order":0,"comment_status":"closed","ping_status":"closed","template":"","meta":[],"acf":[],"_links":{"self":[{"href":"https:\/\/mastrazzi-caba.infd.edu.ar\/sitio\/wp-json\/wp\/v2\/pages\/837"}],"collection":[{"href":"https:\/\/mastrazzi-caba.infd.edu.ar\/sitio\/wp-json\/wp\/v2\/pages"}],"about":[{"href":"https:\/\/mastrazzi-caba.infd.edu.ar\/sitio\/wp-json\/wp\/v2\/types\/page"}],"author":[{"embeddable":true,"href":"https:\/\/mastrazzi-caba.infd.edu.ar\/sitio\/wp-json\/wp\/v2\/users\/13"}],"replies":[{"embeddable":true,"href":"https:\/\/mastrazzi-caba.infd.edu.ar\/sitio\/wp-json\/wp\/v2\/comments?post=837"}],"version-history":[{"count":7,"href":"https:\/\/mastrazzi-caba.infd.edu.ar\/sitio\/wp-json\/wp\/v2\/pages\/837\/revisions"}],"predecessor-version":[{"id":1179,"href":"https:\/\/mastrazzi-caba.infd.edu.ar\/sitio\/wp-json\/wp\/v2\/pages\/837\/revisions\/1179"}],"wp:attachment":[{"href":"https:\/\/mastrazzi-caba.infd.edu.ar\/sitio\/wp-json\/wp\/v2\/media?parent=837"}],"curies":[{"name":"wp","href":"https:\/\/api.w.org\/{rel}","templated":true}]}}