{"id":809,"date":"2022-11-07T21:17:24","date_gmt":"2022-11-08T00:17:24","guid":{"rendered":"https:\/\/mastrazzi-caba.infd.edu.ar\/sitio\/?page_id=809"},"modified":"2026-03-18T19:57:38","modified_gmt":"2026-03-18T22:57:38","slug":"ingreso","status":"publish","type":"page","link":"https:\/\/mastrazzi-caba.infd.edu.ar\/sitio\/ingreso\/","title":{"rendered":"Ingreso"},"content":{"rendered":"\n<p><strong>Nuestras Carreras<\/strong><\/p>\n\n\n\n<p>La <strong>Escuela de Danza A\u00edda Mastrazzi <\/strong>ofrece dos <strong>Profesorados de Danza<\/strong> con una duraci\u00f3n de <strong>cuatro a\u00f1os<\/strong>:<\/p>\n\n\n\n<ul>\n<li><strong>Profesorado de Danza con orientaci\u00f3n en Danza Cl\u00e1sica<\/strong><\/li>\n\n\n\n<li><strong>Profesorado de Danza con orientaci\u00f3n en Danza Contempor\u00e1nea<\/strong><\/li>\n<\/ul>\n\n\n\n<p>Pod\u00e9s cursar <strong>uno solo<\/strong> o <strong>ambos profesorados de forma simult\u00e1nea<\/strong>.<\/p>\n\n\n\n<p>Las clases se dictan de <strong>lunes a viernes, de 18:30 a 23:00 hs.<\/strong><\/p>\n\n\n\n<p>Los <strong>t\u00edtulos son oficiales de validez nacional<\/strong><\/p>\n\n\n\n<hr class=\"wp-block-separator has-alpha-channel-opacity\"\/>\n\n\n\n<p><strong>Proceso de Inscripci\u00f3n e Ingreso al Ciclo Lectivo 2027<\/strong><\/p>\n\n\n\n<p>Te detallamos los pasos para inscribirte y las opciones de ingreso a nuestros profesorados:<\/p>\n\n\n\n<p><strong>1. Inscripci\u00f3n Online (Preinscripci\u00f3n SIU)<\/strong><\/p>\n\n\n\n<ul>\n<li><strong>Per\u00edodo:<\/strong> A partir del 05 de octubre DE 2026<\/li>\n\n\n\n<li><strong>\u00bfC\u00f3mo hacerlo?<\/strong>\n<ul>\n<li>Ingres\u00e1 a: <a href=\"https:\/\/guarani-autogestionfdocente.bue.edu.ar\/preinscripcion\/caba\/\" target=\"_blank\" rel=\"noreferrer noopener\">https:\/\/guarani-autogestionfdocente.bue.edu.ar\/preinscripcion\/caba\/<\/a><\/li>\n\n\n\n<li>Si ya ten\u00e9s usuario de alg\u00fan profesorado del GCBA, ingres\u00e1 directamente por autogesti\u00f3n: <a href=\"https:\/\/guarani-autogestionfdocente.bue.edu.ar\/\" target=\"_blank\" rel=\"noreferrer noopener\">https:\/\/guarani-autogestionfdocente.bue.edu.ar\/<\/a><\/li>\n\n\n\n<li><strong>Cre\u00e1 tu usuario y contrase\u00f1a<\/strong> en SIU-Guaran\u00ed.<\/li>\n\n\n\n<li><strong>Complet\u00e1 el formulario de preinscripci\u00f3n<\/strong>. Asegurate de presionar el bot\u00f3n \u00abFinalizar\u00bb para que el tr\u00e1mite est\u00e9 completo. Guard\u00e1 una copia impresa o digital del formulario.<\/li>\n\n\n\n<li><strong>Seleccion\u00e1 la instituci\u00f3n:<\/strong> ESEA EN DANZA AIDA MASTRAZZI \u2013 Turno Noche\/Vespertino (es el \u00fanico turno disponible).<\/li>\n<\/ul>\n<\/li>\n\n\n\n<li><strong>Importante si curs\u00e1s ambos profesorados:<\/strong> El sistema de preinscripci\u00f3n solo permite inscribirte a una carrera inicialmente. Una vez que te hayas anotado en una, <strong>contactanos<\/strong> para que te enviemos los pasos para realizar la segunda inscripci\u00f3n.<\/li>\n<\/ul>\n\n\n\n<p><strong>2. Validaci\u00f3n Documental (Obligatorio<\/strong> &#8211; Lunes a viernes de 19:00 a 22:00 h)<\/p>\n\n\n\n<ul>\n<li><strong>Per\u00edodo:<\/strong> <strong>A PARTIR DEL 05 DE COTUBRE AL 01 diciembre<\/strong> (luego de realizar la inscripci\u00f3n online).<\/li>\n\n\n\n<li><strong>\u00bfQu\u00e9 hacer?<\/strong> Deber\u00e1s <strong>presentar de forma presencial<\/strong> la documentaci\u00f3n en formato papel. Esto es <strong>indispensable para validar tu preinscripci\u00f3n en SIU y confirmar tu asistencia a las pruebas de admisi\u00f3n<\/strong> o ingreso directo.<\/li>\n\n\n\n<li>Adem\u00e1s, <strong>sub\u00ed tu documentaci\u00f3n en formato digital<\/strong> a la plataforma SIU.<\/li>\n\n\n\n<li><strong>Ante cualquier duda:<\/strong> Envianos un correo a infoprofesoradomastrazzi@gmail.com o un WhatsApp al: <a href=\"https:\/\/wa.me\/5491176012567\" target=\"_blank\" rel=\"noreferrer noopener\">https:\/\/wa.me\/5491176012567<\/a><\/li>\n<\/ul>\n\n\n\n<p><strong>3. Opciones de Ingreso<\/strong><\/p>\n\n\n\n<p>Existen dos modalidades de ingreso:<\/p>\n\n\n\n<ul>\n<li><strong>Ingreso por Prueba de Admisi\u00f3n:<\/strong>\n<ul>\n<li>Deber\u00e1s acreditar tus conocimientos t\u00e9cnicos (nivel intermedio-avanzado) rindiendo pruebas de admisi\u00f3n.<\/li>\n\n\n\n<li>Las <strong>fecha de la admisi\u00f3n ser\u00e1 <\/strong>entre el 9 al 18 de diciembre para las materias de movimiento.<\/li>\n<\/ul>\n<\/li>\n\n\n\n<li><strong>Ingreso Directo (no obligatorio):<\/strong>\n<ul>\n<li>Si cont\u00e1s con un <strong>t\u00edtulo oficial legalizado de nivel medio art\u00edstico en danza<\/strong> (otorgado por las E.S.E.A. en danza) en la misma orientaci\u00f3n a la que aspir\u00e1s, acced\u00e9s a ingreso directo.<\/li>\n\n\n\n<li>Para validar tu vacante, deb\u00e9s <strong>presentar toda la documentaci\u00f3n obligatoria durante el per\u00edodo de validaci\u00f3n documental<\/strong>. Si no entreg\u00e1s esta documentaci\u00f3n en los plazos establecidos, la preinscripci\u00f3n se invalidar\u00e1.<\/li>\n<\/ul>\n<\/li>\n<\/ul>\n\n\n\n<hr class=\"wp-block-separator has-alpha-channel-opacity\"\/>\n\n\n\n<p><strong>Requisitos para el Ingreso_ Pruebas de Admisi\u00f3n<\/strong><\/p>\n\n\n\n<p>Las fechas de examen se informan en este espacio A DEFINIR ENTRE EL 09 Y 18 DE DICIEMBRE<\/p>\n\n\n\n<p>Si no cont\u00e1s con un t\u00edtulo oficial de trayecto en nivel medio art\u00edstico en danza cl\u00e1sica y contempor\u00e1nea, deber\u00e1s rendir las siguientes pruebas:<\/p>\n\n\n\n<ul>\n<li><strong>Danza Cl\u00e1sica  A DEFINIR ENTRE EL 09 Y 18 DE DICIEMBRE 18.30 h. : <\/strong>aplicable y obligatorio a ambos profesorados, con requisitos espec\u00edficos para cada uno.<\/li>\n\n\n\n<li><strong>Danza Contempor\u00e1nea- A DEFINIR ENTRE EL 09 Y EL 18 DE DICIEMBRE 20.30 h. :<\/strong> aplicable y obligatorio a ambas carreras.<\/li>\n<\/ul>\n\n\n\n<p><strong>Importante:<\/strong><\/p>\n\n\n\n<ul>\n<li>Para ingresar al Profesorado de <strong>Danza Cl\u00e1sica<\/strong> se requiere <strong>manejo de zapatillas de puntas<\/strong>.<\/li>\n\n\n\n<li>Para el Profesorado de <strong>Danza Contempor\u00e1nea<\/strong>, se requiere <strong>media punta<\/strong>.<\/li>\n\n\n\n<li>ENLACE A <a href=\"https:\/\/docs.google.com\/document\/d\/1ufuFmE4eJ9FykRqQP8pe4Z63T2y7QVch9abKXfpjfE8\/edit?usp=sharing\" data-type=\"URL\" data-id=\"https:\/\/docs.google.com\/document\/d\/1ufuFmE4eJ9FykRqQP8pe4Z63T2y7QVch9abKXfpjfE8\/edit?usp=sharing\">CONTENIDOS<\/a> DEL INGRESO (MATERIAS DE DANZA)<\/li>\n\n\n\n<li>Deb\u00e9s <strong>aprobar el examen de danza cl\u00e1sica para poder realizar el de danza contempor\u00e1nea<\/strong>.<\/li>\n\n\n\n<li>Una vez superadas las pruebas de danza, se te dar\u00e1 acceso a las aulas virtuales de las materias te\u00f3ricas:<\/li>\n\n\n\n<li><strong>Apreciaci\u00f3n Musical<\/strong><\/li>\n\n\n\n<li><strong>Historia de la Danza<\/strong><\/li>\n<\/ul>\n\n\n\n<p>Podr\u00e1s acceder a estas plataformas tanto en el ingreso de diciembre como en el de febrero, una vez hayas aprobado las materias de danza.<\/p>\n\n\n\n<hr class=\"wp-block-separator has-alpha-channel-opacity\"\/>\n\n\n\n<p><strong>Documentaci\u00f3n Obligatoria (Presentar Original y Copia en un folio)<\/strong><\/p>\n\n\n\n<ul>\n<li><strong>DNI.<\/strong><\/li>\n\n\n\n<li><strong>T\u00edtulo legalizado de estudios secundarios<\/strong> o constancia de t\u00edtulo en tr\u00e1mite.\n<ul>\n<li><em>Aclaraci\u00f3n:<\/em> La inscripci\u00f3n con constancia de alumno\/a regular es condicional. Deber\u00e1s presentar la constancia de t\u00edtulo en tr\u00e1mite hasta el <strong>30 de mayo<\/strong>. Despu\u00e9s de esa fecha, la vacante se perder\u00e1.<\/li>\n<\/ul>\n<\/li>\n\n\n\n<li><strong>Apto f\u00edsico de alto rendimiento:<\/strong> Debe ser entregado al inicio del ciclo lectivo 2026, con fecha posterior al 01\/01\/2026. (<a href=\"https:\/\/drive.google.com\/file\/d\/1OtqFWIpC9UxHpxTbvXwdhHelYgOPkzfS\/view?usp=sharing\" data-type=\"URL\" data-id=\"https:\/\/drive.google.com\/file\/d\/1OtqFWIpC9UxHpxTbvXwdhHelYgOPkzfS\/view?usp=sharing\" target=\"_blank\" rel=\"noreferrer noopener\">https:\/\/drive.google.com\/file\/d\/1OtqFWIpC9UxHpxTbvXwdhHelYgOPkzfS\/view?usp=sharing<\/a>)<\/li>\n\n\n\n<li><strong>Planilla de inscripci\u00f3n de SIU:<\/strong> Se descarga de la p\u00e1gina al hacer clic en \u00abfinalizar\u00bb (record\u00e1 guardarla en tu computadora, luego de procesar la inscripci\u00f3n no se podr\u00e1 volver a descargar). Si alg\u00fan campo aparece en rojo, la inscripci\u00f3n est\u00e1 incompleta. Si ya ten\u00edas usuario y te inscrib\u00eds por autogesti\u00f3n, no es necesario descargar la planilla de SIU.<\/li>\n\n\n\n<li><strong>Convalidaci\u00f3n de t\u00edtulo secundario (t\u00edtulos extranjero):<\/strong> Si terminaste tus estudios de educaci\u00f3n secundaria en un pa\u00eds con convenio educativo con Argentina, deb\u00e9s convalidar tu t\u00edtulo para estudiar en una instituci\u00f3n nacional. M\u00e1s informaci\u00f3n aqu\u00ed: <a rel=\"noreferrer noopener\" href=\"https:\/\/www.argentina.gob.ar\/educacion\/tramites\/convalidar-titulo-secundario-de-paises-con-convenio\" target=\"_blank\">https:\/\/www.argentina.gob.ar\/educacion\/tramites\/convalidar-titulo-secundario-de-paises-con-convenio<\/a><\/li>\n<\/ul>\n","protected":false},"excerpt":{"rendered":"<p>Nuestras Carreras La Escuela de Danza A\u00edda Mastrazzi ofrece dos Profesorados de Danza con una duraci\u00f3n de cuatro a\u00f1os: Pod\u00e9s cursar uno solo o ambos profesorados de forma simult\u00e1nea. Las clases se dictan de lunes a viernes, de 18:30 a 23:00 hs. Los t\u00edtulos son oficiales de validez nacional Proceso de Inscripci\u00f3n e Ingreso al &#8230; <a title=\"Ingreso\" class=\"read-more\" href=\"https:\/\/mastrazzi-caba.infd.edu.ar\/sitio\/ingreso\/\" aria-label=\"More on Ingreso\">[+]<\/a><\/p>\n","protected":false},"author":13,"featured_media":0,"parent":0,"menu_order":0,"comment_status":"closed","ping_status":"closed","template":"","meta":[],"acf":[],"_links":{"self":[{"href":"https:\/\/mastrazzi-caba.infd.edu.ar\/sitio\/wp-json\/wp\/v2\/pages\/809"}],"collection":[{"href":"https:\/\/mastrazzi-caba.infd.edu.ar\/sitio\/wp-json\/wp\/v2\/pages"}],"about":[{"href":"https:\/\/mastrazzi-caba.infd.edu.ar\/sitio\/wp-json\/wp\/v2\/types\/page"}],"author":[{"embeddable":true,"href":"https:\/\/mastrazzi-caba.infd.edu.ar\/sitio\/wp-json\/wp\/v2\/users\/13"}],"replies":[{"embeddable":true,"href":"https:\/\/mastrazzi-caba.infd.edu.ar\/sitio\/wp-json\/wp\/v2\/comments?post=809"}],"version-history":[{"count":94,"href":"https:\/\/mastrazzi-caba.infd.edu.ar\/sitio\/wp-json\/wp\/v2\/pages\/809\/revisions"}],"predecessor-version":[{"id":1176,"href":"https:\/\/mastrazzi-caba.infd.edu.ar\/sitio\/wp-json\/wp\/v2\/pages\/809\/revisions\/1176"}],"wp:attachment":[{"href":"https:\/\/mastrazzi-caba.infd.edu.ar\/sitio\/wp-json\/wp\/v2\/media?parent=809"}],"curies":[{"name":"wp","href":"https:\/\/api.w.org\/{rel}","templated":true}]}}