{"id":644,"date":"2018-06-18T14:12:35","date_gmt":"2018-06-18T17:12:35","guid":{"rendered":"https:\/\/mastrazzi-caba.infd.edu.ar\/sitio\/?page_id=644"},"modified":"2024-09-03T22:41:18","modified_gmt":"2024-09-04T01:41:18","slug":"catalogo","status":"publish","type":"page","link":"https:\/\/mastrazzi-caba.infd.edu.ar\/sitio\/catalogo\/","title":{"rendered":"Perfil del egresado: Profesorados"},"content":{"rendered":"<p><strong>Profesorado de Danza con Orientaci\u00f3n en Danza Cl\u00e1sica<\/strong><\/p>\n<p>Resoluci\u00f3n de Dise\u00f1o Curricular Jurisdiccional RMEGC N\u00ba 4231\/14<\/p>\n<p>Titulaci\u00f3n ofrecida: Profesor\/a de Danza con Orientaci\u00f3n en Danza Cl\u00e1sica<br \/>\nIncumbencia del t\u00edtulo: Nivel Inicial, Nivel Primario y Nivel Secundario, y modalidades de Educaci\u00f3n Art\u00edstica y Especial<br \/>\nA\u00f1os de duraci\u00f3n: 4 a\u00f1os<\/p>\n<p><a href=\"https:\/\/docs.google.com\/document\/d\/1Sa4WBJMk3ThkBPFJJlnCvlwjZ1oIK6r2\/edit?usp=share_link&amp;ouid=113342688704382872606&amp;rtpof=true&amp;sd=true\" target=\"_blank\" rel=\"noreferrer noopener\" data-type=\"URL\" data-id=\"https:\/\/docs.google.com\/document\/d\/1Sa4WBJMk3ThkBPFJJlnCvlwjZ1oIK6r2\/edit?usp=share_link&amp;ouid=113342688704382872606&amp;rtpof=true&amp;sd=true\">Plan de estudio \/ A\u00f1os y carga horaria<\/a><\/p>\n<p><strong>Profesorado de Danza con Orientaci\u00f3n en Danza Contempor\u00e1nea<\/strong><\/p>\n<p>Resoluci\u00f3n de Dise\u00f1o Curricular Jurisdiccional RMEGC N\u00ba 4378\/14<\/p>\n<p>Titulaci\u00f3n ofrecida: Profesor\/a de Danza con Orientaci\u00f3n en Danza Contempor\u00e1nea<br \/>\nIncumbencia del t\u00edtulo: Nivel Inicial, Nivel Primario y Nivel Secundario, y modalidades de Educaci\u00f3n Art\u00edstica y Especial<br \/>\nA\u00f1os de duraci\u00f3n: 4 a\u00f1os<\/p>\n<p><a href=\"https:\/\/docs.google.com\/document\/d\/1Za2nXqrWKzU8fTvoO2uo_wmrhB_3AU1w\/edit?usp=share_link&amp;ouid=113342688704382872606&amp;rtpof=true&amp;sd=true\" target=\"_blank\" rel=\"noreferrer noopener\" data-type=\"URL\" data-id=\"https:\/\/docs.google.com\/document\/d\/1Za2nXqrWKzU8fTvoO2uo_wmrhB_3AU1w\/edit?usp=share_link&amp;ouid=113342688704382872606&amp;rtpof=true&amp;sd=true\">Plan de estudio \/ A\u00f1os y carga horaria<\/a><\/p>\n<div>* El Profesor de Danza, al finalizar su carrera estar\u00e1 capacitado para:<\/div>\n<div>Dominar el lenguaje espec\u00edfico de la especialidad \u201cDanza\u201d y transmitirlo en su tarea profesional.<\/div>\n<div>Reconocer el sentido formativo de la Danza y transmitir la especialidad en distintos \u00e1mbitos y niveles de la educaci\u00f3n, demostrando el dominio de los aspectos te\u00f3ricos, t\u00e9cnicos y metodol\u00f3gicos fundamentales, de acuerdo con los requerimientos para cada \u00e1mbito particular.<\/div>\n<div>Resolver con los alumnos conflictos interpersonales, facilitando el intercambio de roles y funciones, contribuyendo en la construcci\u00f3n de una comunidad de aprendizaje abierta y no discriminatoria.<\/div>\n<div>Comprender y relacionar los lenguajes tradicionales y de vanguardia, dando lugar a un espacio de innovaci\u00f3n y creatividad en la ense\u00f1anza de la Danza.<\/div>\n<div>Interpretar la realidad socio \u2013 hist\u00f3rica en producciones culturales.<\/div>\n<div>Difundir el patrimonio art\u00edstico universal<\/div>\n<div>Generar y dirigir proyectos art\u00edsticos interdisciplinarios.<\/div>\n<div>Dirigir la ense\u00f1anza desde la \u00e9tica del buen saber y entender.<\/div>\n<div><\/div>\n<div>Los egresados podr\u00e1n desempe\u00f1arse como docentes de la especialidad en instituciones de ense\u00f1anza formal y no formal, de gesti\u00f3n estatal y privada en los niveles inicial, primario, medio, medio art\u00edstico y educaci\u00f3n especial.<\/div>\n<div><\/div>\n","protected":false},"excerpt":{"rendered":"<p>Profesorado de Danza con Orientaci\u00f3n en Danza Cl\u00e1sica Resoluci\u00f3n de Dise\u00f1o Curricular Jurisdiccional RMEGC N\u00ba 4231\/14 Titulaci\u00f3n ofrecida: Profesor\/a de Danza con Orientaci\u00f3n en Danza Cl\u00e1sica Incumbencia del t\u00edtulo: Nivel Inicial, Nivel Primario y Nivel Secundario, y modalidades de Educaci\u00f3n Art\u00edstica y Especial A\u00f1os de duraci\u00f3n: 4 a\u00f1os Plan de estudio \/ A\u00f1os y carga &#8230; <a title=\"Perfil del egresado: Profesorados\" class=\"read-more\" href=\"https:\/\/mastrazzi-caba.infd.edu.ar\/sitio\/catalogo\/\" aria-label=\"More on Perfil del egresado: Profesorados\">[+]<\/a><\/p>\n","protected":false},"author":1,"featured_media":0,"parent":0,"menu_order":0,"comment_status":"closed","ping_status":"closed","template":"","meta":[],"acf":[],"_links":{"self":[{"href":"https:\/\/mastrazzi-caba.infd.edu.ar\/sitio\/wp-json\/wp\/v2\/pages\/644"}],"collection":[{"href":"https:\/\/mastrazzi-caba.infd.edu.ar\/sitio\/wp-json\/wp\/v2\/pages"}],"about":[{"href":"https:\/\/mastrazzi-caba.infd.edu.ar\/sitio\/wp-json\/wp\/v2\/types\/page"}],"author":[{"embeddable":true,"href":"https:\/\/mastrazzi-caba.infd.edu.ar\/sitio\/wp-json\/wp\/v2\/users\/1"}],"replies":[{"embeddable":true,"href":"https:\/\/mastrazzi-caba.infd.edu.ar\/sitio\/wp-json\/wp\/v2\/comments?post=644"}],"version-history":[{"count":6,"href":"https:\/\/mastrazzi-caba.infd.edu.ar\/sitio\/wp-json\/wp\/v2\/pages\/644\/revisions"}],"predecessor-version":[{"id":1033,"href":"https:\/\/mastrazzi-caba.infd.edu.ar\/sitio\/wp-json\/wp\/v2\/pages\/644\/revisions\/1033"}],"wp:attachment":[{"href":"https:\/\/mastrazzi-caba.infd.edu.ar\/sitio\/wp-json\/wp\/v2\/media?parent=644"}],"curies":[{"name":"wp","href":"https:\/\/api.w.org\/{rel}","templated":true}]}}